{"id":145,"date":"2022-04-01T08:42:05","date_gmt":"2022-04-01T06:42:05","guid":{"rendered":"http:\/\/magnezijum.edu.rs\/?page_id=145"},"modified":"2022-04-01T08:42:05","modified_gmt":"2022-04-01T06:42:05","slug":"o-magnezijumu","status":"publish","type":"page","link":"http:\/\/magnezijum.edu.rs\/index.php\/o-magnezijumu\/","title":{"rendered":"O magnezijumu"},"content":{"rendered":"<p><a href=\"https:\/\/www.jle.com\/fr\/revues\/mrh\/revue.phtml\" target=\"_blank\" rel=\"noopener\"><img loading=\"lazy\" class=\"size-full wp-image-146 alignleft\" src=\"http:\/\/magnezijum.edu.rs\/wp-content\/uploads\/2022\/04\/MAG_2.jpg\" alt=\"\" width=\"200\" height=\"289\" \/><\/a><\/p>\n<p>Joni magnezijuma (Mg<sup>2+<\/sup>) imaju va\u017enu ulogu u brojnim fiziolo\u0161kim procesima kod ljudi i \u017eivotinja. Nedostatak magnezijuma je povezan sa nizom zdravstvenih problema, uklju\u010dujuc\u0301i abnormalnostima nervnog, kardiovaskularnog, endokrinog sistema, itd. Prevencija i le\u010denje nedostatka magnezijuma kroz adekvatnu ishranu i\/ili suplementaciju imaju blagotvoran efekat na zdravlje ljudi. Tako\u0111e, magnezijum se mo\u017ee koristiti kao efikasan i bezbedan lek u le\u010denju odre\u0111enih bolesti i ubla\u017eavanju njihovih simptoma. Bolje razumevanje homeostaze magnezijuma i mehanizama njegovog delovanja mo\u017ee pobolj\u0161ati zdravlje ljudi i \u017eivotinja.<\/p>\n<p><strong>Magnesium Research<\/strong>\u00a0 je referentni \u010dasopis o upotrebi magnezijuma u \u200b\u200bbiomedicini vec\u0301 vi\u0161e od 30 godina. Ovaj \u010dasopis je indeksiran u vodec\u0301im medicinskim bazama podataka<\/p>\n","protected":false},"excerpt":{"rendered":"<p>Joni magnezijuma (Mg2+) imaju va\u017enu ulogu u brojnim fiziolo\u0161kim procesima kod ljudi i \u017eivotinja. Nedostatak magnezijuma je povezan sa nizom zdravstvenih problema, uklju\u010dujuc\u0301i abnormalnostima nervnog, kardiovaskularnog, endokrinog sistema, itd. Prevencija i le\u010denje nedostatka magnezijuma kroz adekvatnu ishranu i\/ili suplementaciju imaju blagotvoran efekat na zdravlje ljudi. Tako\u0111e, magnezijum se mo\u017ee koristiti kao efikasan i bezbedan lekContinue reading &rarr;<\/p>\n","protected":false},"author":1,"featured_media":149,"parent":0,"menu_order":0,"comment_status":"closed","ping_status":"closed","template":"","meta":[],"_links":{"self":[{"href":"http:\/\/magnezijum.edu.rs\/index.php\/wp-json\/wp\/v2\/pages\/145"}],"collection":[{"href":"http:\/\/magnezijum.edu.rs\/index.php\/wp-json\/wp\/v2\/pages"}],"about":[{"href":"http:\/\/magnezijum.edu.rs\/index.php\/wp-json\/wp\/v2\/types\/page"}],"author":[{"embeddable":true,"href":"http:\/\/magnezijum.edu.rs\/index.php\/wp-json\/wp\/v2\/users\/1"}],"replies":[{"embeddable":true,"href":"http:\/\/magnezijum.edu.rs\/index.php\/wp-json\/wp\/v2\/comments?post=145"}],"version-history":[{"count":4,"href":"http:\/\/magnezijum.edu.rs\/index.php\/wp-json\/wp\/v2\/pages\/145\/revisions"}],"predecessor-version":[{"id":152,"href":"http:\/\/magnezijum.edu.rs\/index.php\/wp-json\/wp\/v2\/pages\/145\/revisions\/152"}],"wp:featuredmedia":[{"embeddable":true,"href":"http:\/\/magnezijum.edu.rs\/index.php\/wp-json\/wp\/v2\/media\/149"}],"wp:attachment":[{"href":"http:\/\/magnezijum.edu.rs\/index.php\/wp-json\/wp\/v2\/media?parent=145"}],"curies":[{"name":"wp","href":"https:\/\/api.w.org\/{rel}","templated":true}]}}