{"id":19,"date":"2020-09-09T10:34:14","date_gmt":"2020-09-09T08:34:14","guid":{"rendered":"http:\/\/147.91.120.79\/?page_id=19"},"modified":"2020-09-14T09:12:51","modified_gmt":"2020-09-14T07:12:51","slug":"o-nama","status":"publish","type":"page","link":"http:\/\/magnezijum.edu.rs\/index.php\/o-nama\/","title":{"rendered":"O nama"},"content":{"rendered":"<div align=\"justify\">SUPM je neprofitna organizacija, osnovana najpre kao neformalno dru\u0161tvo 23. januara 2015. godine, a zatim kao zvani\u010dno dru\u0161tvo 26. 12. 2017. god. u Beogradu. Glavni cilj dru\u0161tva je da stimuli\u0161e, promovi\u0161e i pro\u0161iri istra\u017eivanje magnezijuma u \u200b\u200bhumanoj i veterinarskoj medicini. SUPM sara\u0111uje sa drugim doma\u0107im i me\u0111unarodnim dru\u0161tvima i organizacijama u cilju razmjene informacija i ideja o upotrebi magnezijuma u \u200b\u200bhumanoj i veterinarskoj medicini. SUPM organizuje nau\u010dne sastanke i konferencije i podr\u017eava objavljivanje i prezentaciju nau\u010dnih rezultata. SUPM je \u010dlan Me\u0111unarodnog dru\u0161tva za razvoj istra\u017eivanja magnezijuma (SDRM).<\/p>\n<p>Me\u0111unarodno dru\u0161tvo za razvoj istra\u017eivanja o magnezijumu<\/p>\n<p><a href=\"http:\/\/vvv.sdrmsocieti.org\/home.html\">http:\/\/vvv.sdrmsocieti.org\/home.html<\/a><\/div>\n","protected":false},"excerpt":{"rendered":"<p>SUPM je neprofitna organizacija, osnovana najpre kao neformalno dru\u0161tvo 23. januara 2015. godine, a zatim kao zvani\u010dno dru\u0161tvo 26. 12. 2017. god. u Beogradu. Glavni cilj dru\u0161tva je da stimuli\u0161e, promovi\u0161e i pro\u0161iri istra\u017eivanje magnezijuma u \u200b\u200bhumanoj i veterinarskoj medicini. SUPM sara\u0111uje sa drugim doma\u0107im i me\u0111unarodnim dru\u0161tvima i organizacijama u cilju razmjene informacija iContinue reading &rarr;<\/p>\n","protected":false},"author":1,"featured_media":10,"parent":0,"menu_order":0,"comment_status":"closed","ping_status":"closed","template":"","meta":[],"_links":{"self":[{"href":"http:\/\/magnezijum.edu.rs\/index.php\/wp-json\/wp\/v2\/pages\/19"}],"collection":[{"href":"http:\/\/magnezijum.edu.rs\/index.php\/wp-json\/wp\/v2\/pages"}],"about":[{"href":"http:\/\/magnezijum.edu.rs\/index.php\/wp-json\/wp\/v2\/types\/page"}],"author":[{"embeddable":true,"href":"http:\/\/magnezijum.edu.rs\/index.php\/wp-json\/wp\/v2\/users\/1"}],"replies":[{"embeddable":true,"href":"http:\/\/magnezijum.edu.rs\/index.php\/wp-json\/wp\/v2\/comments?post=19"}],"version-history":[{"count":3,"href":"http:\/\/magnezijum.edu.rs\/index.php\/wp-json\/wp\/v2\/pages\/19\/revisions"}],"predecessor-version":[{"id":51,"href":"http:\/\/magnezijum.edu.rs\/index.php\/wp-json\/wp\/v2\/pages\/19\/revisions\/51"}],"wp:featuredmedia":[{"embeddable":true,"href":"http:\/\/magnezijum.edu.rs\/index.php\/wp-json\/wp\/v2\/media\/10"}],"wp:attachment":[{"href":"http:\/\/magnezijum.edu.rs\/index.php\/wp-json\/wp\/v2\/media?parent=19"}],"curies":[{"name":"wp","href":"https:\/\/api.w.org\/{rel}","templated":true}]}}