{"id":26,"date":"2020-09-11T11:35:57","date_gmt":"2020-09-11T09:35:57","guid":{"rendered":"http:\/\/147.91.120.79\/?page_id=26"},"modified":"2020-09-11T11:38:09","modified_gmt":"2020-09-11T09:38:09","slug":"postanite-clan","status":"publish","type":"page","link":"http:\/\/magnezijum.edu.rs\/index.php\/postanite-clan\/","title":{"rendered":"Postanite \u010dlan"},"content":{"rendered":"<h3>Postanite \u010dlan<\/h3>\n<p>Ako \u017eelite da postanete \u010dlan, popunite <u>Pristupnicu<\/u>.<\/p>\n<p>&nbsp;<\/p>\n<div role=\"form\" class=\"wpcf7\" id=\"wpcf7-f25-o1\" lang=\"sr-RS\" dir=\"ltr\">\n<div class=\"screen-reader-response\"><p role=\"status\" aria-live=\"polite\" aria-atomic=\"true\"><\/p> <ul><\/ul><\/div>\n<form action=\"\/index.php\/wp-json\/wp\/v2\/pages\/26#wpcf7-f25-o1\" method=\"post\" class=\"wpcf7-form init\" novalidate=\"novalidate\" data-status=\"init\">\n<div style=\"display: none;\">\n<input type=\"hidden\" name=\"_wpcf7\" value=\"25\" \/>\n<input type=\"hidden\" name=\"_wpcf7_version\" value=\"5.5.6\" \/>\n<input type=\"hidden\" name=\"_wpcf7_locale\" value=\"sr_RS\" \/>\n<input type=\"hidden\" name=\"_wpcf7_unit_tag\" value=\"wpcf7-f25-o1\" \/>\n<input type=\"hidden\" name=\"_wpcf7_container_post\" value=\"0\" \/>\n<input type=\"hidden\" name=\"_wpcf7_posted_data_hash\" value=\"\" \/>\n<input type=\"hidden\" name=\"_wpcf7cf_hidden_group_fields\" value=\"\" \/>\n<input type=\"hidden\" name=\"_wpcf7cf_hidden_groups\" value=\"\" \/>\n<input type=\"hidden\" name=\"_wpcf7cf_visible_groups\" value=\"\" \/>\n<input type=\"hidden\" name=\"_wpcf7cf_repeaters\" value=\"[]\" \/>\n<input type=\"hidden\" name=\"_wpcf7cf_steps\" value=\"{}\" \/>\n<input type=\"hidden\" name=\"_wpcf7cf_options\" value=\"{&quot;form_id&quot;:25,&quot;conditions&quot;:[],&quot;settings&quot;:{&quot;animation&quot;:&quot;yes&quot;,&quot;animation_intime&quot;:200,&quot;animation_outtime&quot;:200,&quot;conditions_ui&quot;:&quot;normal&quot;,&quot;notice_dismissed&quot;:false}}\" \/>\n<\/div>\n<p><label> Popunjavam pristupnicu kao:  <span class=\"wpcf7-form-control-wrap Popunjavampristupnicukao\"><span class=\"wpcf7-form-control wpcf7-checkbox\"><span class=\"wpcf7-list-item first last\"><input type=\"checkbox\" name=\"Popunjavampristupnicukao:[]\" value=\"Novi \u010dlan\" \/><span class=\"wpcf7-list-item-label\">Novi \u010dlan<\/span><\/span><\/span><\/span> <\/label><label> <span class=\"wpcf7-form-control-wrap Popunjavampristupnicukao\"><span class=\"wpcf7-form-control wpcf7-checkbox\"><span class=\"wpcf7-list-item first last\"><input type=\"checkbox\" name=\"Popunjavampristupnicukao:[]\" value=\"Stari \u010dlan\" \/><span class=\"wpcf7-list-item-label\">Stari \u010dlan<\/span><\/span><\/span><\/span> <\/label><\/p>\n<p><label> Titula <span class=\"wpcf7-form-control-wrap Titula\"><span class=\"wpcf7-form-control wpcf7-checkbox\"><span class=\"wpcf7-list-item first last\"><input type=\"checkbox\" name=\"Titula:[]\" value=\"Prof\" \/><span class=\"wpcf7-list-item-label\">Prof<\/span><\/span><\/span><\/span><\/label> <label><span class=\"wpcf7-form-control-wrap Popunjavampristupnicukao\"><span class=\"wpcf7-form-control wpcf7-checkbox\"><span class=\"wpcf7-list-item first last\"><input type=\"checkbox\" name=\"Popunjavampristupnicukao:[]\" value=\"Dr\" \/><span class=\"wpcf7-list-item-label\">Dr<\/span><\/span><\/span><\/span> <\/label><label><span class=\"wpcf7-form-control-wrap Popunjavampristupnicukao\"><span class=\"wpcf7-form-control wpcf7-checkbox\"><span class=\"wpcf7-list-item first last\"><input type=\"checkbox\" name=\"Popunjavampristupnicukao:[]\" value=\"G\" \/><span class=\"wpcf7-list-item-label\">G<\/span><\/span><\/span><\/span> <\/label><label><span class=\"wpcf7-form-control-wrap Popunjavampristupnicukao\"><span class=\"wpcf7-form-control wpcf7-checkbox\"><span class=\"wpcf7-list-item first last\"><input type=\"checkbox\" name=\"Popunjavampristupnicukao:[]\" value=\"G-da\" \/><span class=\"wpcf7-list-item-label\">G-da<\/span><\/span><\/span><\/span> <\/label><label><span class=\"wpcf7-form-control-wrap Popunjavampristupnicukao\"><span class=\"wpcf7-form-control wpcf7-checkbox\"><span class=\"wpcf7-list-item first last\"><input type=\"checkbox\" name=\"Popunjavampristupnicukao:[]\" value=\"G-\u0111ica\" \/><span class=\"wpcf7-list-item-label\">G-\u0111ica<\/span><\/span><\/span><\/span> <\/label><\/p>\n<p><label> Zvanje<br \/>\n    <span class=\"wpcf7-form-control-wrap text-188\"><input type=\"text\" name=\"text-188\" value=\"\" size=\"40\" class=\"wpcf7-form-control wpcf7-text wpcf7-validates-as-required\" aria-required=\"true\" aria-invalid=\"false\" \/><\/span><\/label><br \/>\n<label> Prezime<br \/>\n    <span class=\"wpcf7-form-control-wrap text-188\"><input type=\"text\" name=\"text-188\" value=\"\" size=\"40\" class=\"wpcf7-form-control wpcf7-text wpcf7-validates-as-required\" aria-required=\"true\" aria-invalid=\"false\" \/><\/span><\/label><br \/>\n<label> Ime<br \/>\n    <span class=\"wpcf7-form-control-wrap text-188\"><input type=\"text\" name=\"text-188\" value=\"\" size=\"40\" class=\"wpcf7-form-control wpcf7-text wpcf7-validates-as-required\" aria-required=\"true\" aria-invalid=\"false\" \/><\/span><\/label><br \/>\n<label> Institucija<br \/>\n    <span class=\"wpcf7-form-control-wrap text-188\"><input type=\"text\" name=\"text-188\" value=\"\" size=\"40\" class=\"wpcf7-form-control wpcf7-text wpcf7-validates-as-required\" aria-required=\"true\" aria-invalid=\"false\" \/><\/span><\/label><br \/>\n<label> Odeljenje<br \/>\n    <span class=\"wpcf7-form-control-wrap text-188\"><input type=\"text\" name=\"text-188\" value=\"\" size=\"40\" class=\"wpcf7-form-control wpcf7-text wpcf7-validates-as-required\" aria-required=\"true\" aria-invalid=\"false\" \/><\/span><\/label><br \/>\n<label> Ulica <span class=\"wpcf7-form-control-wrap text-188\"><input type=\"text\" name=\"text-188\" value=\"\" size=\"40\" class=\"wpcf7-form-control wpcf7-text wpcf7-validates-as-required\" aria-required=\"true\" aria-invalid=\"false\" \/><\/span><\/label><\/p>\n<p><label> Broj <span class=\"wpcf7-form-control-wrap text-188\"><input type=\"text\" name=\"text-188\" value=\"\" size=\"40\" class=\"wpcf7-form-control wpcf7-text wpcf7-validates-as-required\" aria-required=\"true\" aria-invalid=\"false\" \/><\/span><\/label><br \/>\n<label> Po\u0161tanski broj <span class=\"wpcf7-form-control-wrap text-188\"><input type=\"text\" name=\"text-188\" value=\"\" size=\"40\" class=\"wpcf7-form-control wpcf7-text wpcf7-validates-as-required\" aria-required=\"true\" aria-invalid=\"false\" \/><\/span><\/label><br \/>\n<label> Grad <span class=\"wpcf7-form-control-wrap text-188\"><input type=\"text\" name=\"text-188\" value=\"\" size=\"40\" class=\"wpcf7-form-control wpcf7-text wpcf7-validates-as-required\" aria-required=\"true\" aria-invalid=\"false\" \/><\/span><\/label><br \/>\n<label> Dr\u017eava<span class=\"wpcf7-form-control-wrap text-188\"><input type=\"text\" name=\"text-188\" value=\"\" size=\"40\" class=\"wpcf7-form-control wpcf7-text wpcf7-validates-as-required\" aria-required=\"true\" aria-invalid=\"false\" \/><\/span><\/label><br \/>\n<label> Telefon<span class=\"wpcf7-form-control-wrap text-188\"><input type=\"text\" name=\"text-188\" value=\"\" size=\"40\" class=\"wpcf7-form-control wpcf7-text wpcf7-validates-as-required\" aria-required=\"true\" aria-invalid=\"false\" \/><\/span><\/label><br \/>\n<label> E-mail adresa<span class=\"wpcf7-form-control-wrap text-188\"><input type=\"text\" name=\"text-188\" value=\"\" size=\"40\" class=\"wpcf7-form-control wpcf7-text wpcf7-validates-as-required\" aria-required=\"true\" aria-invalid=\"false\" \/><\/span><\/label><br \/>\n<label> Alternativna E-mail adresa<span class=\"wpcf7-form-control-wrap text-188\"><input type=\"text\" name=\"text-188\" value=\"\" size=\"40\" class=\"wpcf7-form-control wpcf7-text wpcf7-validates-as-required\" aria-required=\"true\" aria-invalid=\"false\" \/><\/span><\/label><br \/>\n<label> Va\u0161e aktivnosti u oblasti istra\u017eivnja magnezijuma <span class=\"wpcf7-form-control-wrap textarea-558\"><textarea name=\"textarea-558\" cols=\"40\" rows=\"10\" class=\"wpcf7-form-control wpcf7-textarea\" aria-invalid=\"false\"><\/textarea><\/span><\/label><br \/>\n<label> Va\u0161e aktivnosti u oblasti istra\u017eivnja magnezijuma (u poslednjih 10 godina) <span class=\"wpcf7-form-control-wrap textarea-558\"><textarea name=\"textarea-558\" cols=\"40\" rows=\"10\" class=\"wpcf7-form-control wpcf7-textarea\" aria-invalid=\"false\"><\/textarea><\/span><\/label><\/p>\n<p>IZJAVA<br \/>\nPotvr\u0111ujem da se bavim istra\u017eivanjem magnezijuma u humanoj i\/ili veterinarskoj medicini i da \u017eelim da postanem \u010dlan Srpskog udru\u017eenje za prou\u010davanje magnezijuma (SUPM), kao i da se pridr\u017eavam Statuta SUPM.<br \/>\n<span class=\"wpcf7-form-control-wrap acceptance-269\"><span class=\"wpcf7-form-control wpcf7-acceptance\"><span class=\"wpcf7-list-item\"><input type=\"checkbox\" name=\"acceptance-269\" value=\"1\" aria-invalid=\"false\" \/><\/span><\/span><\/span> Da<\/p>\n<p>\u010cLANARINA<br \/>\nGodisnja clanarina iznosi 1200 dinara.<br \/>\nIznos clanarine uplatite na racun SUPM br:\u2026\u2026\u2026\u2026., poziv na broj\u2026\u2026., uz  navodenje imena \u010dlana i SUPM (godina clanarine) (npr. Jovan Jocic, SUPM (2019).<br \/>\nNapomena: Ako ste novi clan ili zelite da azurirate svoje podatke obavezno popunite pristupnicu. <\/p>\n<p><input type=\"submit\" value=\"Po\u0161alji\" class=\"wpcf7-form-control has-spinner wpcf7-submit\" \/><\/p>\n<div class=\"wpcf7-response-output\" aria-hidden=\"true\"><\/div><\/form><\/div>\n","protected":false},"excerpt":{"rendered":"<p>Postanite \u010dlan Ako \u017eelite da postanete \u010dlan, popunite Pristupnicu. &nbsp;<\/p>\n","protected":false},"author":1,"featured_media":9,"parent":0,"menu_order":0,"comment_status":"closed","ping_status":"closed","template":"","meta":[],"_links":{"self":[{"href":"http:\/\/magnezijum.edu.rs\/index.php\/wp-json\/wp\/v2\/pages\/26"}],"collection":[{"href":"http:\/\/magnezijum.edu.rs\/index.php\/wp-json\/wp\/v2\/pages"}],"about":[{"href":"http:\/\/magnezijum.edu.rs\/index.php\/wp-json\/wp\/v2\/types\/page"}],"author":[{"embeddable":true,"href":"http:\/\/magnezijum.edu.rs\/index.php\/wp-json\/wp\/v2\/users\/1"}],"replies":[{"embeddable":true,"href":"http:\/\/magnezijum.edu.rs\/index.php\/wp-json\/wp\/v2\/comments?post=26"}],"version-history":[{"count":4,"href":"http:\/\/magnezijum.edu.rs\/index.php\/wp-json\/wp\/v2\/pages\/26\/revisions"}],"predecessor-version":[{"id":33,"href":"http:\/\/magnezijum.edu.rs\/index.php\/wp-json\/wp\/v2\/pages\/26\/revisions\/33"}],"wp:featuredmedia":[{"embeddable":true,"href":"http:\/\/magnezijum.edu.rs\/index.php\/wp-json\/wp\/v2\/media\/9"}],"wp:attachment":[{"href":"http:\/\/magnezijum.edu.rs\/index.php\/wp-json\/wp\/v2\/media?parent=26"}],"curies":[{"name":"wp","href":"https:\/\/api.w.org\/{rel}","templated":true}]}}