{"id":40,"date":"2020-09-14T09:08:57","date_gmt":"2020-09-14T07:08:57","guid":{"rendered":"http:\/\/147.91.120.79\/?page_id=40"},"modified":"2020-09-25T09:59:37","modified_gmt":"2020-09-25T07:59:37","slug":"kontakt","status":"publish","type":"page","link":"http:\/\/magnezijum.edu.rs\/index.php\/kontakt\/","title":{"rendered":"Kontakt"},"content":{"rendered":"<div align=\"justify\">Ime dru\u0161tva: Srpsko udru\u017eenje za prou\u010davanje magnezijuma (SUPM)<br \/>\nAdresa: Dr Suboti\u0107a-starijeg 1\/III sprat\/soba br. 4,\u00a0 11 129 Beograd, Republika SrbijaE-mail adresa: \u2026\u2026\u2026.<\/div>\n<div align=\"justify\"><\/div>\n<div align=\"justify\"><\/div>\n<div align=\"justify\"><\/div>\n<div align=\"justify\"><\/div>\n<div align=\"justify\"><strong>Predsednik:<\/strong><\/div>\n<div align=\"justify\">Prof. dr Sonja Vu\u010dkovi\u0107<br \/>\nInstitut za farmakologiju, klini\u010dku farmakologiju i toksikologiju,<br \/>\nMedicinski fakultet u Beogradu,<br \/>\nBeograd, Srbija<br \/>\n<a href=\"mailto:vuckovicsonja1@gmail.com\">vuckovicsonja1@gmail.com<\/a><em><strong>\u00a0<\/strong><\/em><\/div>\n<div align=\"justify\"><\/div>\n<div align=\"justify\"><\/div>\n<div align=\"justify\"><\/div>\n<div align=\"justify\"><em><strong>Potpredsednik<br \/>\n<\/strong><\/em>Asist. dr sci. med. Dragana Srebro<br \/>\nInstitut za farmakologiju, klini\u010dku farmakologiju i toksikologiju,<br \/>\nMedicinski fakultet u Beogradu,<br \/>\nBeograd, Srbija<\/div>\n","protected":false},"excerpt":{"rendered":"<p>Ime dru\u0161tva: Srpsko udru\u017eenje za prou\u010davanje magnezijuma (SUPM) Adresa: Dr Suboti\u0107a-starijeg 1\/III sprat\/soba br. 4,\u00a0 11 129 Beograd, Republika SrbijaE-mail adresa: \u2026\u2026\u2026. Predsednik: Prof. dr Sonja Vu\u010dkovi\u0107 Institut za farmakologiju, klini\u010dku farmakologiju i toksikologiju, Medicinski fakultet u Beogradu, Beograd, Srbija vuckovicsonja1@gmail.com\u00a0 Potpredsednik Asist. dr sci. med. Dragana Srebro Institut za farmakologiju, klini\u010dku farmakologiju i toksikologiju,Continue reading &rarr;<\/p>\n","protected":false},"author":1,"featured_media":84,"parent":0,"menu_order":0,"comment_status":"closed","ping_status":"closed","template":"","meta":[],"_links":{"self":[{"href":"http:\/\/magnezijum.edu.rs\/index.php\/wp-json\/wp\/v2\/pages\/40"}],"collection":[{"href":"http:\/\/magnezijum.edu.rs\/index.php\/wp-json\/wp\/v2\/pages"}],"about":[{"href":"http:\/\/magnezijum.edu.rs\/index.php\/wp-json\/wp\/v2\/types\/page"}],"author":[{"embeddable":true,"href":"http:\/\/magnezijum.edu.rs\/index.php\/wp-json\/wp\/v2\/users\/1"}],"replies":[{"embeddable":true,"href":"http:\/\/magnezijum.edu.rs\/index.php\/wp-json\/wp\/v2\/comments?post=40"}],"version-history":[{"count":10,"href":"http:\/\/magnezijum.edu.rs\/index.php\/wp-json\/wp\/v2\/pages\/40\/revisions"}],"predecessor-version":[{"id":88,"href":"http:\/\/magnezijum.edu.rs\/index.php\/wp-json\/wp\/v2\/pages\/40\/revisions\/88"}],"wp:featuredmedia":[{"embeddable":true,"href":"http:\/\/magnezijum.edu.rs\/index.php\/wp-json\/wp\/v2\/media\/84"}],"wp:attachment":[{"href":"http:\/\/magnezijum.edu.rs\/index.php\/wp-json\/wp\/v2\/media?parent=40"}],"curies":[{"name":"wp","href":"https:\/\/api.w.org\/{rel}","templated":true}]}}